{"id":41,"date":"2016-04-22T15:23:37","date_gmt":"2016-04-22T13:23:37","guid":{"rendered":"https:\/\/www.ephemeride-edition.fr\/?page_id=41"},"modified":"2016-04-22T15:23:37","modified_gmt":"2016-04-22T13:23:37","slug":"mention-legale","status":"publish","type":"page","link":"https:\/\/www.ephemeride-edition.fr\/?page_id=41","title":{"rendered":"Mention l\u00e9gale"},"content":{"rendered":"<p>[vc_row rt_row_background_width=\u00a0\u00bbdefault\u00a0\u00bb rt_row_style=\u00a0\u00bbdefault-style\u00a0\u00bb rt_row_borders=\u00a0\u00bb\u00a0\u00bb rt_row_paddings=\u00a0\u00bbtrue\u00a0\u00bb rt_bg_effect=\u00a0\u00bbclassic\u00a0\u00bb rt_bg_image_repeat=\u00a0\u00bbrepeat\u00a0\u00bb rt_bg_size=\u00a0\u00bbcover\u00a0\u00bb rt_bg_position=\u00a0\u00bbright top\u00a0\u00bb rt_bg_attachment=\u00a0\u00bbscroll\u00a0\u00bb rt_bg_video_format=\u00a0\u00bbself-hosted\u00a0\u00bb][vc_column rt_bg_image_repeat=\u00a0\u00bbrepeat\u00a0\u00bb rt_bg_size=\u00a0\u00bbauto auto\u00a0\u00bb rt_bg_attachment=\u00a0\u00bbscroll\u00a0\u00bb][vc_column_text]<\/p>\n<h2>MENTIONS L\u00c9GALES<\/h2>\n<p>Le site et ses sous-domaines (ci-apr\u00e8s d\u00e9nomm\u00e9s \u00ab Site \u00bb) sont \u00e9dit\u00e9s par <strong>Hot Chili Pepper\u00ae<\/strong>, sarl au capital de 10.000 euros, dont le si\u00e8ge social se trouves \u00e0 <strong>1 Square Pierre Ruibet <\/strong><strong>38500 Voiron &#8211; <a href=\"http:\/\/www.hot-chili-pepper.com\" target=\"_blank\">www.hot-chili-pepper.com<\/a>&#8211;\u00a0<\/strong> Rcs Grenoble N\u00b0 494 138 563 00023 , N\u00b0 TVA intra: FR09494138563<br \/>\nLe Site est optimis\u00e9 pour Smartphones et Tablettes. Pour une r\u00e9solution minimum de 1280\u00d71024 . Pour les navigateurs IE v9 et sup\u00e9rieurs, Firefox v7 et sup\u00e9rieurs, Google chrome v14 et sup\u00e9rieurs et Safari v5 et sup\u00e9rieurs.Le client, signataire du contrat de prestation de service est r\u00e9put\u00e9 \u00eatre le directeur de la publication et responsable du site.<\/p>\n<p>Les documents et informations int\u00e9gr\u00e9s dans le site ont \u00e9t\u00e9 transmis par le directeur de la publication et sont r\u00e9put\u00e9s \u00eatre libres ou autoris\u00e9s de droit, ce que le directeur de la publication reconnait.<br \/>\nLa signature du proc\u00e8s verbale de livraison du Site atteste que le directeur de la publication, accepte et valide la publication de l\u2019ensemble des documents textes et photos.<br \/>\nLe directeur de la publication du Site renonce \u00e0 toute poursuite ou indemnit\u00e9 pour droit d\u2019auteur sur l\u2019ensemble des \u00e9l\u00e9ments int\u00e9gr\u00e9s \u00e0 sa demande.<\/p>\n<h2>PROPRI\u00c9T\u00c9 INTELLECTUELLE<\/h2>\n<p>Toute reproduction, repr\u00e9sentation, modification, publication, transmission, d\u00e9naturation, totale ou partielle du Site ou de son contenu, par quelques proc\u00e9d\u00e9s que ce soit, et sur quelques supports que ce soit est interdite.<br \/>\nToute exploitation non autoris\u00e9e du Site ou de son contenu, des informations qui y sont divulgu\u00e9e engagerait la responsabilit\u00e9 de l\u2019utilisateur et constituerait une contrefa\u00e7on sanctionn\u00e9e par les articles L 335-2 et suivants du code de la propri\u00e9t\u00e9 Intellectuelle.<br \/>\nIl en est de m\u00eame des bases de donn\u00e9es figurant, le cas \u00e9ch\u00e9ant, sur le Site qui sont prot\u00e9g\u00e9es par les dispositions de la loi du 1er Juillet 1998 portant transposition dans le Code de la Propri\u00e9t\u00e9 Intellectuelle de la Directive Europ\u00e9enne du 11 Mars 1996 relative \u00e0 la protection juridique des bases de donn\u00e9es. A ce titre, toute reproduction ou extraction engagerait la responsabilit\u00e9 de l\u2019utilisateur.<br \/>\nLes soci\u00e9t\u00e9s souhaitant mettre en place un lien vers le Site peuvent et sont invit\u00e9s \u00e0 le faire librement \u00e0 condition de n\u2019utiliser que l\u2019url principale du Site et pas des liens vers une page int\u00e9rieure.<\/p>\n<h2>LIENS HYPERTEXTES<\/h2>\n<p>Le Site donne acc\u00e8s \u00e0 d\u2019autres sites via des liens hypertextes.<br \/>\nHot Chili Pepper n\u2019\u00e9tant pas le gestionnaire des sites, il ne peut en contr\u00f4ler le contenu. En cons\u00e9quence, Hot Chili Pepper ne pourra en aucun \u00eatre tenu pour responsable du contenu des sites ainsi accessibles, ou des \u00e9ventuelles collectes et transmission de donn\u00e9es personnelles, installation de cookies ou tout autre proc\u00e9d\u00e9 tendant au m\u00eame fins, effectu\u00e9s par ces sites.<\/p>\n<h2>PROTECTION DES DONN\u00c9ES PERSONNELLES<\/h2>\n<p>Le directeur de la publication s\u2019engage \u00e0 ne pas divulguer \u00e0 des tiers, les informations que vous nous communiquez. Celles-ci sont confidentielles. Elles ne seront utilis\u00e9es par ses services internes que pour le traitement de vos demandes, candidature, ou pour l\u2019envoi de lettre d\u2019information.<br \/>\nConform\u00e9ment \u00e0 la loi \u00ab informatique et libert\u00e9s \u00bb du 6 janvier 1978 modifi\u00e9e en 2004, vous b\u00e9n\u00e9ficiez \u00e0 tout moment d\u2019un droit d\u2019acc\u00e8s et de rectification aux informations qui vous concernent ( article 34 de la loi ).<br \/>\nVous pouvez exercer ce droit, il suffit d\u2019adresser un courrier comprenant vos coordonn\u00e9es personnelles \u00e0 l\u2019adresse suivante :<\/p>\n<p>EPHEMERIDE<br \/>\nROUTE DE VIENNE<br \/>\n38440 SAINT JEAN DE BOURNAY<br \/>\nFRANCE<\/p>\n<p>En savoir plus : <a href=\"http:\/\/www.cnil.fr\/\" target=\"_blank\">CNIL<\/a><\/p>\n<h2>DROIT APPLICABLE<\/h2>\n<p>Le pr\u00e9sent site est soumis \u00e0 la l\u00e9gislation fran\u00e7aise<\/p>\n<h2>RESPONSABILIT\u00c9<\/h2>\n<p>Les informations fournies sur le Site le sont \u00e0 titre informatif. Hot Chili Pepper ne saurait garantir l\u2019exactitude, la compl\u00e9tude, l\u2019actualit\u00e9 des informations diffus\u00e9es sur le Site et ne saurait \u00eatre engag\u00e9e en cas d\u2019erreur.<br \/>\nles informations du Site peuvent contenir des inexactitudes techniques ou des erreurs typographiques. Ces informations peuvent \u00eatre p\u00e9riodiquement modifi\u00e9es et les modifications seront incorpor\u00e9es dans les nouvelles \u00e9ditions. Les photographies et les textes reproduits et illustrant les produits pr\u00e9sent\u00e9s ne sont pas contractuels.<br \/>\nHot Chili Pepper peut, \u00e0 tout moment, sans pr\u00e9avis, apporter des am\u00e9liorations ou des changements aux produits, aux programmes ou aux services d\u00e9crits sur ce Site.<br \/>\nSi vous avez rep\u00e9r\u00e9 une anomalie ou si vous avez une remarque sur le fonctionnement du site, \u00e9crivez au directeur de la publication.<\/p>\n<h2>INFORMATIONS G\u00c9N\u00c9RALES<\/h2>\n<p>EDITEUR :<br \/>\nHOT CHILI PEPPER<br \/>\nHOT CHILI PEPPER SARL au capital de 10 000 \u20ac RCS Grenoble 494 138 563 00023 &#8211; Code APE 7311Z &#8211; N\u00b0 TVA : FR 09 494 138 563 &#8211; Si\u00e8ge social : 1 square Pierre Ruibet 38500 Voiron &#8211; France<\/p>\n<p>H\u00c9BERGEMENT :<br \/>\nCELEONET SERVEUR D\u00c9DI\u00c9<br \/>\nCELEONET SAS au capital de 85 000 000 \u20ac RCS 450 734 744 00037 \u2013 Code APE 6311Z \u2013 N\u00b0 TVA : FR 22 424 761 419 \u2013 Si\u00e8ge social : 60 rue berthie albrecht 94400 Vitry sur seine \u2013 France<\/p>\n<p>DIRECTEUR DE LA PUBLICATION :<br \/>\nJean Louis\u00a0LEFAURE<br \/>\nEPHEMERIDE au capital de 5 000,00 \u20ac RCS Vienne B 488 300 237\u00a0&#8211; Code APE 1812Z &#8211; N\u00b0 TVA : FR 30 488300237\u00a0&#8211; Si\u00e8ge social : ROUTE DE VIENNE\u00a038440 SAINT JEAN DE BOURNAY FRANCE[\/vc_column_text][\/vc_column][\/vc_row]<\/p>\n","protected":false},"excerpt":{"rendered":"<p>[vc_row rt_row_background_width=\u00a0\u00bbdefault\u00a0\u00bb rt_row_style=\u00a0\u00bbdefault-style\u00a0\u00bb rt_row_borders=\u00a0\u00bb\u00a0\u00bb rt_row_paddings=\u00a0\u00bbtrue\u00a0\u00bb rt_bg_effect=\u00a0\u00bbclassic\u00a0\u00bb rt_bg_image_repeat=\u00a0\u00bbrepeat\u00a0\u00bb rt_bg_size=\u00a0\u00bbcover\u00a0\u00bb rt_bg_position=\u00a0\u00bbright top\u00a0\u00bb rt_bg_attachment=\u00a0\u00bbscroll\u00a0\u00bb rt_bg_video_format=\u00a0\u00bbself-hosted\u00a0\u00bb][vc_column rt_bg_image_repeat=\u00a0\u00bbrepeat\u00a0\u00bb rt_bg_size=\u00a0\u00bbauto auto\u00a0\u00bb rt_bg_attachment=\u00a0\u00bbscroll\u00a0\u00bb][vc_column_text] MENTIONS L\u00c9GALES Le site et ses sous-domaines (ci-apr\u00e8s d\u00e9nomm\u00e9s \u00ab Site \u00bb) sont \u00e9dit\u00e9s par Hot Chili Pepper\u00ae, sarl au capital de 10.000 euros, dont le si\u00e8ge social se trouves \u00e0 1 Square Pierre Ruibet 38500 Voiron &#8211; www.hot-chili-pepper.com&#8211;\u00a0 [&hellip;]<\/p>\n","protected":false},"author":1,"featured_media":0,"parent":0,"menu_order":0,"comment_status":"closed","ping_status":"closed","template":"","meta":{"footnotes":""},"class_list":["post-41","page","type-page","status-publish","hentry"],"aioseo_notices":[],"_links":{"self":[{"href":"https:\/\/www.ephemeride-edition.fr\/index.php?rest_route=\/wp\/v2\/pages\/41","targetHints":{"allow":["GET"]}}],"collection":[{"href":"https:\/\/www.ephemeride-edition.fr\/index.php?rest_route=\/wp\/v2\/pages"}],"about":[{"href":"https:\/\/www.ephemeride-edition.fr\/index.php?rest_route=\/wp\/v2\/types\/page"}],"author":[{"embeddable":true,"href":"https:\/\/www.ephemeride-edition.fr\/index.php?rest_route=\/wp\/v2\/users\/1"}],"replies":[{"embeddable":true,"href":"https:\/\/www.ephemeride-edition.fr\/index.php?rest_route=%2Fwp%2Fv2%2Fcomments&post=41"}],"version-history":[{"count":1,"href":"https:\/\/www.ephemeride-edition.fr\/index.php?rest_route=\/wp\/v2\/pages\/41\/revisions"}],"predecessor-version":[{"id":42,"href":"https:\/\/www.ephemeride-edition.fr\/index.php?rest_route=\/wp\/v2\/pages\/41\/revisions\/42"}],"wp:attachment":[{"href":"https:\/\/www.ephemeride-edition.fr\/index.php?rest_route=%2Fwp%2Fv2%2Fmedia&parent=41"}],"curies":[{"name":"wp","href":"https:\/\/api.w.org\/{rel}","templated":true}]}}